{"id":1444,"date":"2021-02-05T14:25:01","date_gmt":"2021-02-05T13:25:01","guid":{"rendered":"http:\/\/inimini.pl\/?post_type=product&#038;p=1444"},"modified":"2021-02-05T14:29:29","modified_gmt":"2021-02-05T13:29:29","slug":"bujak-konik","status":"publish","type":"product","link":"http:\/\/inimini.pl\/index.php\/product\/bujak-konik\/","title":{"rendered":"Bujak konik"},"content":{"rendered":"<p>Na to okienko ju\u017c nie mia\u0142am pomys\u0142u \ud83d\ude04<\/p>\n","protected":false},"excerpt":{"rendered":"<p>\ud83d\udc34konik na biegunach\ud83d\udc34<\/p>\n<p>&nbsp;<\/p>\n","protected":false},"featured_media":1433,"template":"","meta":[],"_links":{"self":[{"href":"http:\/\/inimini.pl\/index.php\/wp-json\/wp\/v2\/product\/1444"}],"collection":[{"href":"http:\/\/inimini.pl\/index.php\/wp-json\/wp\/v2\/product"}],"about":[{"href":"http:\/\/inimini.pl\/index.php\/wp-json\/wp\/v2\/types\/product"}],"version-history":[{"count":2,"href":"http:\/\/inimini.pl\/index.php\/wp-json\/wp\/v2\/product\/1444\/revisions"}],"predecessor-version":[{"id":1447,"href":"http:\/\/inimini.pl\/index.php\/wp-json\/wp\/v2\/product\/1444\/revisions\/1447"}],"wp:featuredmedia":[{"embeddable":true,"href":"http:\/\/inimini.pl\/index.php\/wp-json\/wp\/v2\/media\/1433"}],"wp:attachment":[{"href":"http:\/\/inimini.pl\/index.php\/wp-json\/wp\/v2\/media?parent=1444"}],"curies":[{"name":"wp","href":"https:\/\/api.w.org\/{rel}","templated":true}]}}